{"id":21705,"date":"2025-12-16T18:23:48","date_gmt":"2025-12-16T18:23:48","guid":{"rendered":"https:\/\/xn--clubcampaa-19a.com.ar\/w25\/?page_id=21705"},"modified":"2025-12-30T12:52:30","modified_gmt":"2025-12-30T12:52:30","slug":"socios","status":"publish","type":"page","link":"https:\/\/xn--clubcampaa-19a.com.ar\/w25\/socios\/","title":{"rendered":"Socios"},"content":{"rendered":"\t\t<div data-elementor-type=\"wp-page\" data-elementor-id=\"21705\" class=\"elementor elementor-21705\">\n\t\t\t\t\t\t<section class=\"elementor-section elementor-top-section elementor-element elementor-element-e8cbc6d elementor-section-boxed elementor-section-height-default elementor-section-height-default sc_fly_static\" data-id=\"e8cbc6d\" data-element_type=\"section\" data-settings=\"{&quot;background_background&quot;:&quot;classic&quot;}\">\n\t\t\t\t\t\t<div class=\"elementor-container elementor-column-gap-extended\">\n\t\t\t\t\t<div class=\"elementor-column elementor-col-50 elementor-top-column elementor-element elementor-element-c8b0bbe sc_content_align_inherit sc_layouts_column_icons_position_left sc_fly_static\" data-id=\"c8b0bbe\" data-element_type=\"column\">\n\t\t\t<div class=\"elementor-widget-wrap elementor-element-populated\">\n\t\t\t\t\t\t<div class=\"elementor-element elementor-element-ba55fef sc_fly_static elementor-widget elementor-widget-heading\" data-id=\"ba55fef\" data-element_type=\"widget\" data-widget_type=\"heading.default\">\n\t\t\t\t<div class=\"elementor-widget-container\">\n\t\t\t\t\t<h2 class=\"elementor-heading-title elementor-size-default\">HACETE<br>\nSOCIO<\/h2>\t\t\t\t<\/div>\n\t\t\t\t<\/div>\n\t\t\t\t\t<\/div>\n\t\t<\/div>\n\t\t\t\t<div class=\"elementor-column elementor-col-50 elementor-top-column elementor-element elementor-element-a8d6176 sc_content_align_inherit sc_layouts_column_icons_position_left sc_fly_static\" data-id=\"a8d6176\" data-element_type=\"column\">\n\t\t\t<div class=\"elementor-widget-wrap\">\n\t\t\t\t\t\t\t<\/div>\n\t\t<\/div>\n\t\t\t\t\t<\/div>\n\t\t<\/section>\n\t\t\t\t<section class=\"elementor-section elementor-top-section elementor-element elementor-element-85e19d7 elementor-section-boxed elementor-section-height-default elementor-section-height-default sc_fly_static\" data-id=\"85e19d7\" data-element_type=\"section\" data-settings=\"{&quot;background_background&quot;:&quot;classic&quot;}\">\n\t\t\t\t\t\t<div class=\"elementor-container elementor-column-gap-extended\">\n\t\t\t\t\t<div class=\"elementor-column elementor-col-50 elementor-top-column elementor-element elementor-element-5ab34d1 sc_content_align_inherit sc_layouts_column_icons_position_left sc_fly_static\" data-id=\"5ab34d1\" data-element_type=\"column\">\n\t\t\t<div class=\"elementor-widget-wrap elementor-element-populated\">\n\t\t\t\t\t\t<div class=\"elementor-element elementor-element-deb89a6 sc_fly_static elementor-widget elementor-widget-text-editor\" data-id=\"deb89a6\" data-element_type=\"widget\" data-widget_type=\"text-editor.default\">\n\t\t\t\t<div class=\"elementor-widget-container\">\n\t\t\t\t\t\t\t\t\tEl Club Atl\u00e9tico y Biblioteca Campa\u00f1a cuenta con m\u00e1s de 3.000 socios. El compromiso de la instituci\u00f3n con los socios y las socias es fundamental, de modo que se sientan representados por el club, disfrutando de espacios en los que confluyan cultura y pasi\u00f3n.\n<br><br>\nCampa\u00f1a es de los clubes deportivos y sociales que m\u00e1s variedad de servicios ofrece en la zona: 1 predio propio, 1 sede c\u00e9ntrica, y m\u00e1s de 15 deportes.\n<br><br>\nAs\u00f3ciate online en la SEDE VIRTUAL\t\t\t\t\t\t\t\t<\/div>\n\t\t\t\t<\/div>\n\t\t\t\t<div class=\"elementor-element elementor-element-aa340e6 sc_fly_static elementor-widget elementor-widget-spacer\" data-id=\"aa340e6\" data-element_type=\"widget\" data-widget_type=\"spacer.default\">\n\t\t\t\t<div class=\"elementor-widget-container\">\n\t\t\t\t\t\t\t<div class=\"elementor-spacer\">\n\t\t\t<div class=\"elementor-spacer-inner\"><\/div>\n\t\t<\/div>\n\t\t\t\t\t\t<\/div>\n\t\t\t\t<\/div>\n\t\t\t\t<div class=\"elementor-element elementor-element-7199db3 sc_fly_static elementor-widget elementor-widget-trx_sc_button\" data-id=\"7199db3\" data-element_type=\"widget\" data-widget_type=\"trx_sc_button.default\">\n\t\t\t\t<div class=\"elementor-widget-container\">\n\t\t\t\t\t<div\tclass=\"sc_item_button sc_button_wrap\" ><a href=\"#asociate\" class=\"sc_button sc_button_default sc_button_size_normal sc_button_icon_left\" ><span class=\"sc_button_text\"><span class=\"sc_button_title\">ASOCIATE<\/span><\/span><\/a><\/div>\t\t\t\t<\/div>\n\t\t\t\t<\/div>\n\t\t\t\t\t<\/div>\n\t\t<\/div>\n\t\t\t\t<div class=\"elementor-column elementor-col-50 elementor-top-column elementor-element elementor-element-eb4e214 sc_content_align_inherit sc_layouts_column_icons_position_left sc_fly_static\" data-id=\"eb4e214\" data-element_type=\"column\">\n\t\t\t<div class=\"elementor-widget-wrap elementor-element-populated\">\n\t\t\t\t\t\t<div class=\"elementor-element elementor-element-79e0ad5 sc_fly_static elementor-widget elementor-widget-image\" data-id=\"79e0ad5\" data-element_type=\"widget\" data-widget_type=\"image.default\">\n\t\t\t\t<div class=\"elementor-widget-container\">\n\t\t\t\t\t\t\t\t\t\t\t\t\t\t\t<img fetchpriority=\"high\" decoding=\"async\" width=\"1000\" height=\"800\" src=\"https:\/\/xn--clubcampaa-19a.com.ar\/w25\/wp-content\/uploads\/2025\/10\/socio.png\" class=\"attachment-large size-large wp-image-20945\" alt=\"\" srcset=\"https:\/\/xn--clubcampaa-19a.com.ar\/w25\/wp-content\/uploads\/2025\/10\/socio.png 1000w, https:\/\/xn--clubcampaa-19a.com.ar\/w25\/wp-content\/uploads\/2025\/10\/socio-300x240.png 300w, https:\/\/xn--clubcampaa-19a.com.ar\/w25\/wp-content\/uploads\/2025\/10\/socio-768x614.png 768w, https:\/\/xn--clubcampaa-19a.com.ar\/w25\/wp-content\/uploads\/2025\/10\/socio-370x296.png 370w, https:\/\/xn--clubcampaa-19a.com.ar\/w25\/wp-content\/uploads\/2025\/10\/socio-840x672.png 840w, https:\/\/xn--clubcampaa-19a.com.ar\/w25\/wp-content\/uploads\/2025\/10\/socio-410x328.png 410w, https:\/\/xn--clubcampaa-19a.com.ar\/w25\/wp-content\/uploads\/2025\/10\/socio-600x480.png 600w\" sizes=\"(max-width: 1000px) 100vw, 1000px\" \/>\t\t\t\t\t\t\t\t\t\t\t\t\t\t\t<\/div>\n\t\t\t\t<\/div>\n\t\t\t\t\t<\/div>\n\t\t<\/div>\n\t\t\t\t\t<\/div>\n\t\t<\/section>\n\t\t\t\t<\/div>\n\t\t","protected":false},"excerpt":{"rendered":"<p>HACETE SOCIO El Club Atl\u00e9tico y Biblioteca Campa\u00f1a cuenta con m\u00e1s de 3.000 socios. El compromiso de la instituci\u00f3n con los socios y las socias es fundamental, de modo que&hellip;<\/p>\n","protected":false},"author":3,"featured_media":0,"parent":0,"menu_order":0,"comment_status":"closed","ping_status":"closed","template":"","meta":{"footnotes":""},"class_list":["post-21705","page","type-page","status-publish","hentry"],"_links":{"self":[{"href":"https:\/\/xn--clubcampaa-19a.com.ar\/w25\/wp-json\/wp\/v2\/pages\/21705","targetHints":{"allow":["GET"]}}],"collection":[{"href":"https:\/\/xn--clubcampaa-19a.com.ar\/w25\/wp-json\/wp\/v2\/pages"}],"about":[{"href":"https:\/\/xn--clubcampaa-19a.com.ar\/w25\/wp-json\/wp\/v2\/types\/page"}],"author":[{"embeddable":true,"href":"https:\/\/xn--clubcampaa-19a.com.ar\/w25\/wp-json\/wp\/v2\/users\/3"}],"replies":[{"embeddable":true,"href":"https:\/\/xn--clubcampaa-19a.com.ar\/w25\/wp-json\/wp\/v2\/comments?post=21705"}],"version-history":[{"count":13,"href":"https:\/\/xn--clubcampaa-19a.com.ar\/w25\/wp-json\/wp\/v2\/pages\/21705\/revisions"}],"predecessor-version":[{"id":22203,"href":"https:\/\/xn--clubcampaa-19a.com.ar\/w25\/wp-json\/wp\/v2\/pages\/21705\/revisions\/22203"}],"wp:attachment":[{"href":"https:\/\/xn--clubcampaa-19a.com.ar\/w25\/wp-json\/wp\/v2\/media?parent=21705"}],"curies":[{"name":"wp","href":"https:\/\/api.w.org\/{rel}","templated":true}]}}